{"id":1317,"date":"2025-01-17T13:04:12","date_gmt":"2025-01-17T10:04:12","guid":{"rendered":"https:\/\/unises.org\/?page_id=1317"},"modified":"2025-01-17T20:56:11","modified_gmt":"2025-01-17T17:56:11","slug":"all-posts","status":"publish","type":"page","link":"https:\/\/unises.org\/en\/all-posts\/","title":{"rendered":"All Posts"},"content":{"rendered":"<div class=\"wpb-content-wrapper\"><div class=\"vc_row wpb_row vc_row-fluid\"><div class=\"wpb_column vc_column_container vc_col-sm-12\"><div class=\"wpb_wrapper\"><div class=\"divider_block clearfix\"><hr class=\"divider first\"><hr class=\"divider subheader_arrow\"><hr class=\"divider last\"><\/div><\/div><\/div><\/div><div class=\"vc_row wpb_row vc_row-fluid\"><div class=\"wpb_column vc_column_container vc_col-sm-12\"><div class=\"wpb_wrapper\"><div class=\"vc_row wpb_row vc_row-fluid\"><div class=\"vc_col-sm-4 wpb_column vc_column_container\"><ul class=\"blog three_columns clearfix page_margin_top\"><li class=\" post post-1369 type-post status-publish format-standard has-post-thumbnail hentry category-freedom-of-expression category-general tag-freedom-of-expression-on-campus\"><a class=\"post_image\" href=\"https:\/\/unises.org\/en\/detained-university-students-say-since-then-i-must-check-in-weekly-at-the-police-station\/\" title=\"Detained University Students Say: Since Then, I Must Check in Weekly at the Police Station\"><img loading=\"lazy\" decoding=\"async\" width=\"300\" height=\"169\" src=\"https:\/\/unises.org\/en\/wp-content\/uploads\/2025\/09\/GqVQlx8XUAAnZB8-300x169-1.png\" class=\"attachment-blog-post-thumb-big size-blog-post-thumb-big wp-post-image\" alt=\"Detained University Students Say: Since Then, I Must Check in Weekly at the Police Station\" title=\"\" srcset=\"https:\/\/unises.org\/en\/wp-content\/uploads\/2025\/09\/GqVQlx8XUAAnZB8-300x169-1.png 300w, https:\/\/unises.org\/en\/wp-content\/uploads\/2025\/09\/GqVQlx8XUAAnZB8-300x169-1-18x10.png 18w\" sizes=\"auto, (max-width: 300px) 100vw, 300px\" \/><\/a><h2 class=\"clearfix with_number\"><a href=\"https:\/\/unises.org\/en\/detained-university-students-say-since-then-i-must-check-in-weekly-at-the-police-station\/\" title=\"Detained University Students Say: Since Then, I Must Check in Weekly at the Police Station\">Detained University Students Say: Since Then, I Must Check in Weekly at the Police Station<\/a><a href=\"https:\/\/unises.org\/en\/detained-university-students-say-since-then-i-must-check-in-weekly-at-the-police-station\/#respond\" title=\"0 comments\" class=\"comments_number\">0<span class=\"arrow_comments\"><\/span><\/a><\/h2><ul class=\"post_details\"><li class=\"category\"><a class=\"category-103\" href=\"https:\/\/unises.org\/en\/category\/freedom-of-expression\/\" title=\"View all posts filed under Freedom Of Expression\">Freedom Of Expression<\/a>, <a class=\"category-1\" href=\"https:\/\/unises.org\/en\/category\/general\/\" title=\"View all posts filed under General\">General<\/a><\/li><li class=\"date\">30 September 2025<\/li><\/ul><p>University student Gizem \u00d6zdemir discussed her participation in the protests, the detention process she underwent, and its impact on her life.<\/p>\n<p>Gizem<\/p>\n<a title=\"READ MORE\" href=\"https:\/\/unises.org\/en\/detained-university-students-say-since-then-i-must-check-in-weekly-at-the-police-station\/\" class=\"read_more\"><span class=\"arrow\"><\/span><span>READ MORE<\/span><\/a><\/li><li class=\" post post-1361 type-post status-publish format-standard has-post-thumbnail hentry category-general category-right-to-shelter tag-bogazici-university tag-campus-life\"><a class=\"post_image\" href=\"https:\/\/unises.org\/en\/hamlin-hall-more-than-a-building\/\" title=\"Hamlin Hall: More Than a Building\"><img loading=\"lazy\" decoding=\"async\" width=\"510\" height=\"374\" src=\"https:\/\/unises.org\/en\/wp-content\/uploads\/2025\/08\/boun-barinma-510x374.jpg\" class=\"attachment-blog-post-thumb-big size-blog-post-thumb-big wp-post-image\" alt=\"Hamlin Hall: More Than a Building\" title=\"\" srcset=\"https:\/\/unises.org\/en\/wp-content\/uploads\/2025\/08\/boun-barinma-510x374.jpg 510w, https:\/\/unises.org\/en\/wp-content\/uploads\/2025\/08\/boun-barinma-18x12.jpg 18w, https:\/\/unises.org\/en\/wp-content\/uploads\/2025\/08\/boun-barinma-330x242.jpg 330w, https:\/\/unises.org\/en\/wp-content\/uploads\/2025\/08\/boun-barinma-130x95.jpg 130w\" sizes=\"auto, (max-width: 510px) 100vw, 510px\" \/><\/a><h2 class=\"clearfix with_number\"><a href=\"https:\/\/unises.org\/en\/hamlin-hall-more-than-a-building\/\" title=\"Hamlin Hall: More Than a Building\">Hamlin Hall: More Than a Building<\/a><a href=\"https:\/\/unises.org\/en\/hamlin-hall-more-than-a-building\/#respond\" title=\"0 comments\" class=\"comments_number\">0<span class=\"arrow_comments\"><\/span><\/a><\/h2><ul class=\"post_details\"><li class=\"category\"><a class=\"category-1\" href=\"https:\/\/unises.org\/en\/category\/general\/\" title=\"View all posts filed under General\">General<\/a>, <a class=\"category-112\" href=\"https:\/\/unises.org\/en\/category\/right-to-shelter\/\" title=\"View all posts filed under Right To Shelter\">Right To Shelter<\/a><\/li><li class=\"date\">27 August 2025<\/li><\/ul><p>Hamlin Hall, the centre of student life since 1871, may be closed to students by 2025, marking the end of its historic role.<\/p>\n<p>-Nazl\u0131 \u00c7am<\/p>\n<a title=\"READ MORE\" href=\"https:\/\/unises.org\/en\/hamlin-hall-more-than-a-building\/\" class=\"read_more\"><span class=\"arrow\"><\/span><span>READ MORE<\/span><\/a><\/li><\/ul><\/div><div class=\"vc_col-sm-4 wpb_column vc_column_container\"><ul class=\"blog three_columns clearfix page_margin_top\"><li class=\" post post-1359 type-post status-publish format-standard has-post-thumbnail hentry category-freedom-of-association category-freedom-of-expression category-general tag-bogazici-university tag-freedom-of-expression-on-campus\"><a class=\"post_image\" href=\"https:\/\/unises.org\/en\/on-student-struggle-and-organisation-at-bogazici-university\/\" title=\"On Student Struggle and Organisation at Bo\u011fazi\u00e7i University\"><img loading=\"lazy\" decoding=\"async\" width=\"510\" height=\"374\" src=\"https:\/\/unises.org\/en\/wp-content\/uploads\/2025\/08\/boun-510x374.jpg\" class=\"attachment-blog-post-thumb-big size-blog-post-thumb-big wp-post-image\" alt=\"On Student Struggle and Organisation at Bo\u011fazi\u00e7i University\" title=\"\" srcset=\"https:\/\/unises.org\/en\/wp-content\/uploads\/2025\/08\/boun-510x374.jpg 510w, https:\/\/unises.org\/en\/wp-content\/uploads\/2025\/08\/boun-18x12.jpg 18w, https:\/\/unises.org\/en\/wp-content\/uploads\/2025\/08\/boun-330x242.jpg 330w, https:\/\/unises.org\/en\/wp-content\/uploads\/2025\/08\/boun-130x95.jpg 130w\" sizes=\"auto, (max-width: 510px) 100vw, 510px\" \/><\/a><h2 class=\"clearfix with_number\"><a href=\"https:\/\/unises.org\/en\/on-student-struggle-and-organisation-at-bogazici-university\/\" title=\"On Student Struggle and Organisation at Bo\u011fazi\u00e7i University\">On Student Struggle and Organisation at Bo\u011fazi\u00e7i University<\/a><a href=\"https:\/\/unises.org\/en\/on-student-struggle-and-organisation-at-bogazici-university\/#respond\" title=\"0 comments\" class=\"comments_number\">0<span class=\"arrow_comments\"><\/span><\/a><\/h2><ul class=\"post_details\"><li class=\"category\"><a class=\"category-102\" href=\"https:\/\/unises.org\/en\/category\/freedom-of-association\/\" title=\"View all posts filed under Freedom of Association\">Freedom of Association<\/a>, <a class=\"category-103\" href=\"https:\/\/unises.org\/en\/category\/freedom-of-expression\/\" title=\"View all posts filed under Freedom Of Expression\">Freedom Of Expression<\/a>, <a class=\"category-1\" href=\"https:\/\/unises.org\/en\/category\/general\/\" title=\"View all posts filed under General\">General<\/a><\/li><li class=\"date\">27 August 2025<\/li><\/ul><p>Elif Bozkurt &#038; Bar\u0131\u015f Co\u015fkun<\/p>\n<p>One of the greatest legacies of the anti-trustee struggle at Bo\u011fazi\u00e7i University began with Mehmed \u00d6zkan, Bo\u011fazi\u00e7i&#8217;s first trustee-rector. This legacy grew with the appointment of Melih Bulu and reached a nationwide audience. Undoubtedly, it is the transformation of the Student Representative Boards (SRCs) into mechanisms of struggle. Once used as a stepping stone for student careers, the SRCs have now permeated every aspect of student life. They organise academic boycotts and handle everyday efforts, such as addressing water outages in dormitories.<\/p>\n<a title=\"READ MORE\" href=\"https:\/\/unises.org\/en\/on-student-struggle-and-organisation-at-bogazici-university\/\" class=\"read_more\"><span class=\"arrow\"><\/span><span>READ MORE<\/span><\/a><\/li><li class=\" post post-1346 type-post status-publish format-standard has-post-thumbnail hentry category-sexual-harassment category-woman tag-bilkent-universty tag-cts-citok tag-harassment tag-safe-space tag-security-officer\"><a class=\"post_image\" href=\"https:\/\/unises.org\/en\/we-are-not-safe-even-in-our-campus\/\" title=\"We Are Not Safe Even In Our Campus\"><img loading=\"lazy\" decoding=\"async\" width=\"510\" height=\"374\" src=\"https:\/\/unises.org\/en\/wp-content\/uploads\/2025\/01\/GZX8zgNWAAABAqO-510x374.jpg\" class=\"attachment-blog-post-thumb-big size-blog-post-thumb-big wp-post-image\" alt=\"We Are Not Safe Even In Our Campus\" title=\"\" srcset=\"https:\/\/unises.org\/en\/wp-content\/uploads\/2025\/01\/GZX8zgNWAAABAqO-510x374.jpg 510w, https:\/\/unises.org\/en\/wp-content\/uploads\/2025\/01\/GZX8zgNWAAABAqO-16x12.jpg 16w, https:\/\/unises.org\/en\/wp-content\/uploads\/2025\/01\/GZX8zgNWAAABAqO-330x242.jpg 330w, https:\/\/unises.org\/en\/wp-content\/uploads\/2025\/01\/GZX8zgNWAAABAqO-130x95.jpg 130w\" sizes=\"auto, (max-width: 510px) 100vw, 510px\" \/><\/a><h2 class=\"clearfix with_number\"><a href=\"https:\/\/unises.org\/en\/we-are-not-safe-even-in-our-campus\/\" title=\"We Are Not Safe Even In Our Campus\">We Are Not Safe Even In Our Campus<\/a><a href=\"https:\/\/unises.org\/en\/we-are-not-safe-even-in-our-campus\/#respond\" title=\"0 comments\" class=\"comments_number\">0<span class=\"arrow_comments\"><\/span><\/a><\/h2><ul class=\"post_details\"><li class=\"category\"><a class=\"category-114\" href=\"https:\/\/unises.org\/en\/category\/sexual-harassment\/\" title=\"View all posts filed under Sexual Harassment\">Sexual Harassment<\/a>, <a class=\"category-117\" href=\"https:\/\/unises.org\/en\/category\/woman\/\" title=\"View all posts filed under Woman\">Woman<\/a><\/li><li class=\"date\">17 January 2025<\/li><\/ul><p>We spoke with Zeynep from Bilkent University about security issues on campus. *Y\u0131ld\u0131z Say\u0131n<\/p>\n<a title=\"READ MORE\" href=\"https:\/\/unises.org\/en\/we-are-not-safe-even-in-our-campus\/\" class=\"read_more\"><span class=\"arrow\"><\/span><span>READ MORE<\/span><\/a><\/li><\/ul><\/div><div class=\"vc_col-sm-4 wpb_column vc_column_container\"><ul class=\"blog three_columns clearfix page_margin_top\"><li class=\" post post-1341 type-post status-publish format-standard has-post-thumbnail hentry category-woman tag-bulent-ecevit-university tag-femicides tag-istanbul-convention tag-womans-rights tag-zonguldak\"><a class=\"post_image\" href=\"https:\/\/unises.org\/en\/there-is-always-hope-wherever-women-are-united\/\" title=\"There Is Always Hope Wherever Women Are United\"><img loading=\"lazy\" decoding=\"async\" width=\"510\" height=\"336\" src=\"https:\/\/unises.org\/en\/wp-content\/uploads\/2025\/01\/kadineylem1-510x336.jpg\" class=\"attachment-blog-post-thumb-big size-blog-post-thumb-big wp-post-image\" alt=\"There Is Always Hope Wherever Women Are United\" title=\"\" \/><\/a><h2 class=\"clearfix with_number\"><a href=\"https:\/\/unises.org\/en\/there-is-always-hope-wherever-women-are-united\/\" title=\"There Is Always Hope Wherever Women Are United\">There Is Always Hope Wherever Women Are United<\/a><a href=\"https:\/\/unises.org\/en\/there-is-always-hope-wherever-women-are-united\/#respond\" title=\"0 comments\" class=\"comments_number\">0<span class=\"arrow_comments\"><\/span><\/a><\/h2><ul class=\"post_details\"><li class=\"category container-category-117\"><a class=\"category-117\" href=\"https:\/\/unises.org\/en\/category\/woman\/\" title=\"View all posts filed under Woman\">Woman<\/a><\/li><li class=\"date\">17 January 2025<\/li><\/ul><p>Ay\u00e7a, a Zonguldak B\u00fclent Ecevit University student, said, \u201cThere is hope wherever women are united. We do not remain silent, are unafraid, and never give up the struggle.\u201d *Su Yi\u011fit<\/p>\n<a title=\"READ MORE\" href=\"https:\/\/unises.org\/en\/there-is-always-hope-wherever-women-are-united\/\" class=\"read_more\"><span class=\"arrow\"><\/span><span>READ MORE<\/span><\/a><\/li><\/ul><\/div><\/div><input type=\"hidden\" name=\"theme_blog_3_columns_pagination\" value=\"{&quot;pr_pagination&quot;:&quot;1&quot;,&quot;items_per_page&quot;:&quot;9&quot;,&quot;featured_image_size&quot;:&quot;default&quot;,&quot;ids&quot;:&quot;-&quot;,&quot;category&quot;:&quot;-&quot;,&quot;author&quot;:&quot;-&quot;,&quot;order_by&quot;:&quot;date,title&quot;,&quot;order&quot;:&quot;DESC&quot;,&quot;featured_post&quot;:&quot;-&quot;,&quot;show_post_title&quot;:&quot;1&quot;,&quot;show_post_excerpt&quot;:&quot;1&quot;,&quot;read_more&quot;:&quot;1&quot;,&quot;read_more_featured&quot;:&quot;1&quot;,&quot;show_post_categories&quot;:&quot;1&quot;,&quot;show_post_author&quot;:&quot;0&quot;,&quot;show_post_date&quot;:&quot;1&quot;,&quot;post_details_layout&quot;:&quot;default&quot;,&quot;show_post_comments_box&quot;:&quot;1&quot;,&quot;show_more_page&quot;:&quot;-&quot;,&quot;show_more_label&quot;:&quot;READ MORE&quot;,&quot;top_margin&quot;:&quot;page_margin_top&quot;,&quot;monthnum&quot;:&quot;&quot;,&quot;day&quot;:&quot;&quot;,&quot;year&quot;:&quot;&quot;,&quot;w&quot;:&quot;&quot;,&quot;page_uri&quot;:&quot;\\\/en\\\/wp-json\\\/wp\\\/v2\\\/pages\\\/1317&quot;}\" \/><\/div><\/div><\/div>\n<\/div>","protected":false},"excerpt":{"rendered":"We spoke with a female student from Zonguldak B\u00fclent Ecevit University about femicides, campus security and the problems young women face. The recent protests against femicides all over Turkey reveal the anger and determination of young women to fight. Ay\u00e7a, who studies at Zonguldak B\u00fclent Ecevit University, explained how university students are in solidarity to","protected":false},"author":2,"featured_media":0,"parent":0,"menu_order":0,"comment_status":"open","ping_status":"open","template":"","meta":{"footnotes":""},"class_list":["post-1317","page","type-page","status-publish","hentry"],"_links":{"self":[{"href":"https:\/\/unises.org\/en\/wp-json\/wp\/v2\/pages\/1317","targetHints":{"allow":["GET"]}}],"collection":[{"href":"https:\/\/unises.org\/en\/wp-json\/wp\/v2\/pages"}],"about":[{"href":"https:\/\/unises.org\/en\/wp-json\/wp\/v2\/types\/page"}],"author":[{"embeddable":true,"href":"https:\/\/unises.org\/en\/wp-json\/wp\/v2\/users\/2"}],"replies":[{"embeddable":true,"href":"https:\/\/unises.org\/en\/wp-json\/wp\/v2\/comments?post=1317"}],"version-history":[{"count":2,"href":"https:\/\/unises.org\/en\/wp-json\/wp\/v2\/pages\/1317\/revisions"}],"predecessor-version":[{"id":1340,"href":"https:\/\/unises.org\/en\/wp-json\/wp\/v2\/pages\/1317\/revisions\/1340"}],"wp:attachment":[{"href":"https:\/\/unises.org\/en\/wp-json\/wp\/v2\/media?parent=1317"}],"curies":[{"name":"wp","href":"https:\/\/api.w.org\/{rel}","templated":true}]}}