{"id":242,"date":"2015-01-09T12:31:01","date_gmt":"2015-01-09T12:31:01","guid":{"rendered":"http:\/\/localhost\/wordpress\/pressroom\/?page_id=242"},"modified":"2015-01-09T12:31:01","modified_gmt":"2015-01-09T12:31:01","slug":"about-style-1","status":"publish","type":"page","link":"https:\/\/unises.org\/en\/about-style-1\/","title":{"rendered":"About Style 1"},"content":{"rendered":"<div class=\"wpb-content-wrapper\"><div class=\"vc_row wpb_row vc_row-fluid\"><div class=\"wpb_column vc_column_container vc_col-sm-12\"><div class=\"wpb_wrapper\"><div class=\"divider_block clearfix\"><hr class=\"divider first\"><hr class=\"divider subheader_arrow\"><hr class=\"divider last\"><\/div><\/div><\/div><\/div><div class=\"vc_row wpb_row vc_row-fluid page_margin_top\"><div class=\"wpb_column vc_column_container vc_col-sm-6\"><div class=\"wpb_wrapper\">\n\t<div  class=\"wpb_single_image wpb_content_element vc_align_left wpb_content_element\">\n\t\t\n\t\t<figure class=\"wpb_wrapper vc_figure\">\n\t\t\t<div class=\"vc_single_image-wrapper   vc_box_border_grey\"><img loading=\"lazy\" decoding=\"async\" width=\"510\" height=\"374\" src=\"https:\/\/unises.org\/en\/wp-content\/uploads\/2015\/01\/image_09-510x374.jpg\" class=\"vc_single_image-img attachment-blog-post-thumb-big\" alt=\"\" title=\"image_09\" srcset=\"https:\/\/unises.org\/en\/wp-content\/uploads\/2015\/01\/image_09-510x374.jpg 510w, https:\/\/unises.org\/en\/wp-content\/uploads\/2015\/01\/image_09-330x242.jpg 330w, https:\/\/unises.org\/en\/wp-content\/uploads\/2015\/01\/image_09-130x95.jpg 130w\" sizes=\"auto, (max-width: 510px) 100vw, 510px\" \/><\/div>\n\t\t<\/figure>\n\t<\/div>\n<\/div><\/div><div class=\"wpb_column vc_column_container vc_col-sm-6\"><div class=\"wpb_wrapper\"><div class=\"clearfix\"><h1 class=\"about_title\">Top Stories from<\/h1><h2 class=\"about_subtitle\">Around the World<\/h2><h3 class=\"page_margin_top\">Politicians have looked weak in the face of such natural disaster, with many facing criticism from local.<\/h3><p class=\"text padding_top_0 page_margin_top\">Politicians have looked weak in the face of such natural disaster, with many facing criticism from local residents for doing little more than turning up as \u201cflood tourists\u201d at the site of disasters, incapable of helping those in crisis and only there for a photo.<\/p><\/div><\/div><\/div><\/div><div class=\"vc_row wpb_row vc_row-fluid page_margin_top_section\"><div class=\"border_top wpb_column vc_column_container vc_col-sm-4\"><div class=\"wpb_wrapper\"><div class=\"page_margin_top\"><div class=\"item_content clearfix\"><span title=\"Engaging Oppurtunities\" class=\"features_icon printer animated_element animation-scale\"><\/span><div class=\"text\"><h3>Engaging Oppurtunities<\/h3><p>Maecenas mauris elementum, est morbi interdum cursus at elite imperdiet libero. Proin odios nulla.<\/p><\/div><\/div><\/div><\/div><\/div><div class=\"border_top wpb_column vc_column_container vc_col-sm-4\"><div class=\"wpb_wrapper\"><div class=\"page_margin_top\"><div class=\"item_content clearfix\"><span title=\"Source of Daily News\" class=\"features_icon calendar animated_element animation-scale\"><\/span><div class=\"text\"><h3>Source of Daily News<\/h3><p>Maecenas mauris elementum, est morbi interdum cursus at elite imperdiet libero. Proin odios nulla.<\/p><\/div><\/div><\/div><\/div><\/div><div class=\"border_top wpb_column vc_column_container vc_col-sm-4\"><div class=\"wpb_wrapper\"><div class=\"page_margin_top\"><div class=\"item_content clearfix\"><span title=\"Rankings and Ratings\" class=\"features_icon graph animated_element animation-scale\"><\/span><div class=\"text\"><h3>Rankings and Ratings<\/h3><p>Maecenas mauris elementum, est morbi interdum cursus at elite imperdiet libero. Proin odios nulla.<\/p><\/div><\/div><\/div><\/div><\/div><\/div><div class=\"vc_row wpb_row vc_row-fluid\"><div class=\"wpb_column vc_column_container vc_col-sm-12\"><div class=\"wpb_wrapper\"><h4 class=\"box_header page_margin_top_section\">Our Valuable Team Members <\/h4><\/div><\/div><\/div><div class=\"vc_row wpb_row vc_row-fluid page_margin_top_section\"><div class=\"wpb_column vc_column_container vc_col-sm-6\"><div class=\"wpb_wrapper\">\n\t\t<ul class=\"accordion\" data-collapsible=no  data-vc-disable-keydown=\"false\" data-active-tab=\"1\">\n\t\t\t\n\t\t\t<li>\n\t\t\t\t<div id=\"accordion-cras-rutrum\"><h3>Cras rutrum leo at odio volutpat id blandit fugiats?<\/h3><\/div>\n\t\t\t\t<div class=\"clearfix\">\n\t\t\t\t<div class=\"page_margin_top\"><div class=\"item_content clearfix\"><span title=\"Engaging Oppurtunities and Top Benefits\" class=\"features_icon pin animated_element animation-scale\"><\/span><div class=\"text\"><h5>Engaging Oppurtunities and Top Benefits<\/h5><p>Maecenas mauris elementum, est morbi interdum cursus at elite imperdiet libero. Proin odios dapibus integer an nulla augue pharetra cursus.<\/p><\/div><\/div><\/div><div class=\"page_margin_top\"><div class=\"item_content clearfix\"><span title=\"Press Office, Licensees and Employment\" class=\"features_icon quote animated_element animation-scale\"><\/span><div class=\"text\"><h5>Press Office, Licensees and Employment<\/h5><p>Maecenas mauris elementum, est morbi interdum cursus at elite imperdiet libero. Proin odios dapibus integer an nulla augue pharetra cursus.<\/p><\/div><\/div><\/div>\n\t\t\t\t<\/div>\n\t\t\t<\/li> \n\n\t\t\t<li>\n\t\t\t\t<div id=\"accordion-donec-fermentum\"><h3>Donec fermentum porttitor nunc amet gravida?<\/h3><\/div>\n\t\t\t\t<div class=\"clearfix\">\n\t\t\t\t<div class=\"page_margin_top\"><div class=\"item_content clearfix\"><span title=\"Engaging Oppurtunities and Top Benefits\" class=\"features_icon app animated_element animation-scale\"><\/span><div class=\"text\"><h5>Engaging Oppurtunities and Top Benefits<\/h5><p>Maecenas mauris elementum, est morbi interdum cursus at elite imperdiet libero. Proin odios dapibus integer an nulla augue pharetra cursus.<\/p><\/div><\/div><\/div><div class=\"page_margin_top\"><div class=\"item_content clearfix\"><span title=\"Press Office, Licensees and Employment\" class=\"features_icon database animated_element animation-scale\"><\/span><div class=\"text\"><h5>Press Office, Licensees and Employment<\/h5><p>Maecenas mauris elementum, est morbi interdum cursus at elite imperdiet libero. Proin odios dapibus integer an nulla augue pharetra cursus.<\/p><\/div><\/div><\/div>\n\t\t\t\t<\/div>\n\t\t\t<\/li> \n\n\t\t\t<li>\n\t\t\t\t<div id=\"accordion-aenean-faucibus\"><h3>Aenean faucibus sapien a odio varius?<\/h3><\/div>\n\t\t\t\t<div class=\"clearfix\">\n\t\t\t\t<div class=\"page_margin_top\"><div class=\"item_content clearfix\"><span title=\"Engaging Oppurtunities and Top Benefits\" class=\"features_icon image animated_element animation-scale\"><\/span><div class=\"text\"><h5>Engaging Oppurtunities and Top Benefits<\/h5><p>Maecenas mauris elementum, est morbi interdum cursus at elite imperdiet libero. Proin odios dapibus integer an nulla augue pharetra cursus.<\/p><\/div><\/div><\/div><div class=\"page_margin_top\"><div class=\"item_content clearfix\"><span title=\"Press Office, Licensees and Employment\" class=\"features_icon video animated_element animation-scale\"><\/span><div class=\"text\"><h5>Press Office, Licensees and Employment<\/h5><p>Maecenas mauris elementum, est morbi interdum cursus at elite imperdiet libero. Proin odios dapibus integer an nulla augue pharetra cursus.<\/p><\/div><\/div><\/div>\n\t\t\t\t<\/div>\n\t\t\t<\/li> \n\n\t\t\t<li>\n\t\t\t\t<div id=\"accordion-donec-pulvinar\"><h3>Donec pulvinar lectus quis laoreet vestibulum?<\/h3><\/div>\n\t\t\t\t<div class=\"clearfix\">\n\t\t\t\t<div class=\"page_margin_top\"><div class=\"item_content clearfix\"><span title=\"Engaging Oppurtunities and Top Benefits\" class=\"features_icon database animated_element animation-scale\"><\/span><div class=\"text\"><h5>Engaging Oppurtunities and Top Benefits<\/h5><p>Maecenas mauris elementum, est morbi interdum cursus at elite imperdiet libero. Proin odios dapibus integer an nulla augue pharetra cursus.<\/p><\/div><\/div><\/div><div class=\"page_margin_top\"><div class=\"item_content clearfix\"><span title=\"Press Office, Licensees and Employment\" class=\"features_icon magnifier animated_element animation-scale\"><\/span><div class=\"text\"><h5>Press Office, Licensees and Employment<\/h5><p>Maecenas mauris elementum, est morbi interdum cursus at elite imperdiet libero. Proin odios dapibus integer an nulla augue pharetra cursus.<\/p><\/div><\/div><\/div>\n\t\t\t\t<\/div>\n\t\t\t<\/li> \n\n\t\t<\/ul> <\/div><\/div><div class=\"wpb_column vc_column_container vc_col-sm-6\"><div class=\"wpb_wrapper\"><h4 class=\"box_header\">Press Office News<\/h4><div class=\"vc_row wpb_row vc_row-fluid\"><ul class=\"blog clearfix small\"><li class=\" post post-1369 type-post status-publish format-standard has-post-thumbnail hentry category-freedom-of-expression category-general tag-freedom-of-expression-on-campus\"><a class=\"post_image\" href=\"https:\/\/unises.org\/en\/detained-university-students-say-since-then-i-must-check-in-weekly-at-the-police-station\/\" title=\"Detained University Students Say: Since Then, I Must Check in Weekly at the Police Station\"><img loading=\"lazy\" decoding=\"async\" width=\"100\" height=\"100\" src=\"https:\/\/unises.org\/en\/wp-content\/uploads\/2025\/09\/GqVQlx8XUAAnZB8-300x169-1-100x100.png\" class=\"attachment-pressroom-small-thumb size-pressroom-small-thumb wp-post-image\" alt=\"Detained University Students Say: Since Then, I Must Check in Weekly at the Police Station\" title=\"\" srcset=\"https:\/\/unises.org\/en\/wp-content\/uploads\/2025\/09\/GqVQlx8XUAAnZB8-300x169-1-100x100.png 100w, https:\/\/unises.org\/en\/wp-content\/uploads\/2025\/09\/GqVQlx8XUAAnZB8-300x169-1-150x150.png 150w\" sizes=\"auto, (max-width: 100px) 100vw, 100px\" \/><\/a><div class=\"post_content\"><h5 class=\"clearfix margin_bottom_0\"><a href=\"https:\/\/unises.org\/en\/detained-university-students-say-since-then-i-must-check-in-weekly-at-the-police-station\/\" title=\"Detained University Students Say: Since Then, I Must Check in Weekly at the Police Station\">Detained University Students Say: Since Then, I Must Check in Weekly at the Police Station<\/a><\/h5><p>University student Gizem \u00d6zdemir discussed her participation in the protests, the detention process she underwent, and its impact on her life.<\/p>\n<p>Gizem<\/p>\n<\/div><\/li><li class=\" post post-1361 type-post status-publish format-standard has-post-thumbnail hentry category-general category-right-to-shelter tag-bogazici-university tag-campus-life\"><a class=\"post_image\" href=\"https:\/\/unises.org\/en\/hamlin-hall-more-than-a-building\/\" title=\"Hamlin Hall: More Than a Building\"><img loading=\"lazy\" decoding=\"async\" width=\"100\" height=\"100\" src=\"https:\/\/unises.org\/en\/wp-content\/uploads\/2025\/08\/boun-barinma-100x100.jpg\" class=\"attachment-pressroom-small-thumb size-pressroom-small-thumb wp-post-image\" alt=\"Hamlin Hall: More Than a Building\" title=\"\" srcset=\"https:\/\/unises.org\/en\/wp-content\/uploads\/2025\/08\/boun-barinma-100x100.jpg 100w, https:\/\/unises.org\/en\/wp-content\/uploads\/2025\/08\/boun-barinma-150x150.jpg 150w, https:\/\/unises.org\/en\/wp-content\/uploads\/2025\/08\/boun-barinma-524x524.jpg 524w\" sizes=\"auto, (max-width: 100px) 100vw, 100px\" \/><\/a><div class=\"post_content\"><h5 class=\"clearfix margin_bottom_0\"><a href=\"https:\/\/unises.org\/en\/hamlin-hall-more-than-a-building\/\" title=\"Hamlin Hall: More Than a Building\">Hamlin Hall: More Than a Building<\/a><\/h5><p>Hamlin Hall, the centre of student life since 1871, may be closed to students by 2025, marking the end of its historic role.<\/p>\n<p>-Nazl\u0131 \u00c7am<\/p>\n<\/div><\/li><li class=\" post post-1359 type-post status-publish format-standard has-post-thumbnail hentry category-freedom-of-association category-freedom-of-expression category-general tag-bogazici-university tag-freedom-of-expression-on-campus\"><a class=\"post_image\" href=\"https:\/\/unises.org\/en\/on-student-struggle-and-organisation-at-bogazici-university\/\" title=\"On Student Struggle and Organisation at Bo\u011fazi\u00e7i University\"><img loading=\"lazy\" decoding=\"async\" width=\"100\" height=\"100\" src=\"https:\/\/unises.org\/en\/wp-content\/uploads\/2025\/08\/boun-100x100.jpg\" class=\"attachment-pressroom-small-thumb size-pressroom-small-thumb wp-post-image\" alt=\"On Student Struggle and Organisation at Bo\u011fazi\u00e7i University\" title=\"\" srcset=\"https:\/\/unises.org\/en\/wp-content\/uploads\/2025\/08\/boun-100x100.jpg 100w, https:\/\/unises.org\/en\/wp-content\/uploads\/2025\/08\/boun-150x150.jpg 150w, https:\/\/unises.org\/en\/wp-content\/uploads\/2025\/08\/boun-524x524.jpg 524w\" sizes=\"auto, (max-width: 100px) 100vw, 100px\" \/><\/a><div class=\"post_content\"><h5 class=\"clearfix margin_bottom_0\"><a href=\"https:\/\/unises.org\/en\/on-student-struggle-and-organisation-at-bogazici-university\/\" title=\"On Student Struggle and Organisation at Bo\u011fazi\u00e7i University\">On Student Struggle and Organisation at Bo\u011fazi\u00e7i University<\/a><\/h5><p>Elif Bozkurt &#038; Bar\u0131\u015f Co\u015fkun<\/p>\n<p>One of the greatest legacies of the anti-trustee struggle at Bo\u011fazi\u00e7i University began with Mehmed \u00d6zkan, Bo\u011fazi\u00e7i&#8217;s first trustee-rector. This legacy grew with the appointment of Melih Bulu and reached a nationwide audience. Undoubtedly, it is the transformation of the Student Representative Boards (SRCs) into mechanisms of struggle. Once used as a stepping stone for student careers, the SRCs have now permeated every aspect of student life. They organise academic boycotts and handle everyday efforts, such as addressing water outages in dormitories.<\/p>\n<\/div><\/li><\/ul><\/div><\/div><\/div><\/div>\n<\/div>","protected":false},"excerpt":{"rendered":"We, as Bo\u011fazi\u00e7i students, united under the motto \"Voice, Authority, Decision to the University Components\" during the 2021 Resistance to demand a greater role in university governance. Our movement opposed the top-down appointment of rectors, deans, and academics by a single decree. We continue our struggle to introduce this representative mechanism to the university senate,","protected":false},"author":1,"featured_media":0,"parent":0,"menu_order":0,"comment_status":"open","ping_status":"open","template":"","meta":{"footnotes":""},"class_list":["post-242","page","type-page","status-publish","hentry"],"_links":{"self":[{"href":"https:\/\/unises.org\/en\/wp-json\/wp\/v2\/pages\/242","targetHints":{"allow":["GET"]}}],"collection":[{"href":"https:\/\/unises.org\/en\/wp-json\/wp\/v2\/pages"}],"about":[{"href":"https:\/\/unises.org\/en\/wp-json\/wp\/v2\/types\/page"}],"author":[{"embeddable":true,"href":"https:\/\/unises.org\/en\/wp-json\/wp\/v2\/users\/1"}],"replies":[{"embeddable":true,"href":"https:\/\/unises.org\/en\/wp-json\/wp\/v2\/comments?post=242"}],"version-history":[{"count":0,"href":"https:\/\/unises.org\/en\/wp-json\/wp\/v2\/pages\/242\/revisions"}],"wp:attachment":[{"href":"https:\/\/unises.org\/en\/wp-json\/wp\/v2\/media?parent=242"}],"curies":[{"name":"wp","href":"https:\/\/api.w.org\/{rel}","templated":true}]}}